{"id":501,"date":"2018-09-24T13:43:04","date_gmt":"2018-09-24T13:43:04","guid":{"rendered":"https:\/\/www.aquafeat.fr\/coffrage-pour-piscine-beton-garanties\/"},"modified":"2019-04-04T08:10:14","modified_gmt":"2019-04-04T08:10:14","slug":"concrete-pool-formwork-guarantees","status":"publish","type":"page","link":"https:\/\/www.aquafeat.fr\/en\/concrete-pool-formwork-guarantees\/","title":{"rendered":"Our Guarantees"},"content":{"rendered":"","protected":false},"excerpt":{"rendered":"","protected":false},"author":1,"featured_media":179,"parent":0,"menu_order":0,"comment_status":"closed","ping_status":"closed","template":"tpl\/page-rows.php","meta":{"footnotes":""},"class_list":["post-501","page","type-page","status-publish","has-post-thumbnail","hentry"],"acf":[],"yoast_head":"<!-- This site is optimized with the Yoast SEO plugin v26.9 - https:\/\/yoast.com\/product\/yoast-seo-wordpress\/ -->\n<title>Patented concrete pool formwork, designed for professionals | Aquafeat<\/title>\n<meta name=\"description\" content=\"Concrete pool formwork with integrated steel reinforcements, the assembled product is highly stable and resistant.\" \/>\n<meta name=\"robots\" content=\"index, follow, max-snippet:-1, max-image-preview:large, max-video-preview:-1\" \/>\n<link rel=\"canonical\" href=\"https:\/\/www.aquafeat.fr\/en\/concrete-pool-formwork-guarantees\/\" \/>\n<meta property=\"og:locale\" content=\"en_US\" \/>\n<meta property=\"og:type\" content=\"article\" \/>\n<meta property=\"og:title\" content=\"Patented concrete pool formwork, designed for professionals | Aquafeat\" \/>\n<meta property=\"og:description\" content=\"Concrete pool formwork with integrated steel reinforcements, the assembled product is highly stable and resistant.\" \/>\n<meta property=\"og:url\" content=\"https:\/\/www.aquafeat.fr\/en\/concrete-pool-formwork-guarantees\/\" \/>\n<meta property=\"og:site_name\" content=\"Aquafeat\" \/>\n<meta property=\"article:modified_time\" content=\"2019-04-04T08:10:14+00:00\" \/>\n<meta property=\"og:image\" content=\"https:\/\/www.aquafeat.fr\/wp-content\/uploads\/2018\/10\/bandeau_page_garanties_aquafeat.jpg\" \/>\n\t<meta property=\"og:image:width\" content=\"2000\" \/>\n\t<meta property=\"og:image:height\" content=\"660\" \/>\n\t<meta property=\"og:image:type\" content=\"image\/jpeg\" \/>\n<meta name=\"twitter:card\" content=\"summary_large_image\" \/>\n<script type=\"application\/ld+json\" class=\"yoast-schema-graph\">{\"@context\":\"https:\/\/schema.org\",\"@graph\":[{\"@type\":\"WebPage\",\"@id\":\"https:\/\/www.aquafeat.fr\/en\/concrete-pool-formwork-guarantees\/\",\"url\":\"https:\/\/www.aquafeat.fr\/en\/concrete-pool-formwork-guarantees\/\",\"name\":\"Patented concrete pool formwork, designed for professionals | Aquafeat\",\"isPartOf\":{\"@id\":\"https:\/\/www.aquafeat.fr\/en\/#website\"},\"primaryImageOfPage\":{\"@id\":\"https:\/\/www.aquafeat.fr\/en\/concrete-pool-formwork-guarantees\/#primaryimage\"},\"image\":{\"@id\":\"https:\/\/www.aquafeat.fr\/en\/concrete-pool-formwork-guarantees\/#primaryimage\"},\"thumbnailUrl\":\"https:\/\/www.aquafeat.fr\/wp-content\/uploads\/2018\/10\/bandeau_page_garanties_aquafeat.jpg\",\"datePublished\":\"2018-09-24T13:43:04+00:00\",\"dateModified\":\"2019-04-04T08:10:14+00:00\",\"description\":\"Concrete pool formwork with integrated steel reinforcements, the assembled product is highly stable and resistant.\",\"breadcrumb\":{\"@id\":\"https:\/\/www.aquafeat.fr\/en\/concrete-pool-formwork-guarantees\/#breadcrumb\"},\"inLanguage\":\"en-US\",\"potentialAction\":[{\"@type\":\"ReadAction\",\"target\":[\"https:\/\/www.aquafeat.fr\/en\/concrete-pool-formwork-guarantees\/\"]}]},{\"@type\":\"ImageObject\",\"inLanguage\":\"en-US\",\"@id\":\"https:\/\/www.aquafeat.fr\/en\/concrete-pool-formwork-guarantees\/#primaryimage\",\"url\":\"https:\/\/www.aquafeat.fr\/wp-content\/uploads\/2018\/10\/bandeau_page_garanties_aquafeat.jpg\",\"contentUrl\":\"https:\/\/www.aquafeat.fr\/wp-content\/uploads\/2018\/10\/bandeau_page_garanties_aquafeat.jpg\",\"width\":2000,\"height\":660,\"caption\":\"Coffrage pour piscine b\u00e9ton brevet\u00e9 d\u00e9di\u00e9 aux professionnels | Aquafeat\"},{\"@type\":\"BreadcrumbList\",\"@id\":\"https:\/\/www.aquafeat.fr\/en\/concrete-pool-formwork-guarantees\/#breadcrumb\",\"itemListElement\":[{\"@type\":\"ListItem\",\"position\":1,\"name\":\"Accueil\",\"item\":\"https:\/\/www.aquafeat.fr\/en\/\"},{\"@type\":\"ListItem\",\"position\":2,\"name\":\"Our Guarantees\"}]},{\"@type\":\"WebSite\",\"@id\":\"https:\/\/www.aquafeat.fr\/en\/#website\",\"url\":\"https:\/\/www.aquafeat.fr\/en\/\",\"name\":\"Aquafeat\",\"description\":\"\",\"potentialAction\":[{\"@type\":\"SearchAction\",\"target\":{\"@type\":\"EntryPoint\",\"urlTemplate\":\"https:\/\/www.aquafeat.fr\/en\/?s={search_term_string}\"},\"query-input\":{\"@type\":\"PropertyValueSpecification\",\"valueRequired\":true,\"valueName\":\"search_term_string\"}}],\"inLanguage\":\"en-US\"}]}<\/script>\n<!-- \/ Yoast SEO plugin. -->","yoast_head_json":{"title":"Patented concrete pool formwork, designed for professionals | Aquafeat","description":"Concrete pool formwork with integrated steel reinforcements, the assembled product is highly stable and resistant.","robots":{"index":"index","follow":"follow","max-snippet":"max-snippet:-1","max-image-preview":"max-image-preview:large","max-video-preview":"max-video-preview:-1"},"canonical":"https:\/\/www.aquafeat.fr\/en\/concrete-pool-formwork-guarantees\/","og_locale":"en_US","og_type":"article","og_title":"Patented concrete pool formwork, designed for professionals | Aquafeat","og_description":"Concrete pool formwork with integrated steel reinforcements, the assembled product is highly stable and resistant.","og_url":"https:\/\/www.aquafeat.fr\/en\/concrete-pool-formwork-guarantees\/","og_site_name":"Aquafeat","article_modified_time":"2019-04-04T08:10:14+00:00","og_image":[{"width":2000,"height":660,"url":"https:\/\/www.aquafeat.fr\/wp-content\/uploads\/2018\/10\/bandeau_page_garanties_aquafeat.jpg","type":"image\/jpeg"}],"twitter_card":"summary_large_image","schema":{"@context":"https:\/\/schema.org","@graph":[{"@type":"WebPage","@id":"https:\/\/www.aquafeat.fr\/en\/concrete-pool-formwork-guarantees\/","url":"https:\/\/www.aquafeat.fr\/en\/concrete-pool-formwork-guarantees\/","name":"Patented concrete pool formwork, designed for professionals | Aquafeat","isPartOf":{"@id":"https:\/\/www.aquafeat.fr\/en\/#website"},"primaryImageOfPage":{"@id":"https:\/\/www.aquafeat.fr\/en\/concrete-pool-formwork-guarantees\/#primaryimage"},"image":{"@id":"https:\/\/www.aquafeat.fr\/en\/concrete-pool-formwork-guarantees\/#primaryimage"},"thumbnailUrl":"https:\/\/www.aquafeat.fr\/wp-content\/uploads\/2018\/10\/bandeau_page_garanties_aquafeat.jpg","datePublished":"2018-09-24T13:43:04+00:00","dateModified":"2019-04-04T08:10:14+00:00","description":"Concrete pool formwork with integrated steel reinforcements, the assembled product is highly stable and resistant.","breadcrumb":{"@id":"https:\/\/www.aquafeat.fr\/en\/concrete-pool-formwork-guarantees\/#breadcrumb"},"inLanguage":"en-US","potentialAction":[{"@type":"ReadAction","target":["https:\/\/www.aquafeat.fr\/en\/concrete-pool-formwork-guarantees\/"]}]},{"@type":"ImageObject","inLanguage":"en-US","@id":"https:\/\/www.aquafeat.fr\/en\/concrete-pool-formwork-guarantees\/#primaryimage","url":"https:\/\/www.aquafeat.fr\/wp-content\/uploads\/2018\/10\/bandeau_page_garanties_aquafeat.jpg","contentUrl":"https:\/\/www.aquafeat.fr\/wp-content\/uploads\/2018\/10\/bandeau_page_garanties_aquafeat.jpg","width":2000,"height":660,"caption":"Coffrage pour piscine b\u00e9ton brevet\u00e9 d\u00e9di\u00e9 aux professionnels | Aquafeat"},{"@type":"BreadcrumbList","@id":"https:\/\/www.aquafeat.fr\/en\/concrete-pool-formwork-guarantees\/#breadcrumb","itemListElement":[{"@type":"ListItem","position":1,"name":"Accueil","item":"https:\/\/www.aquafeat.fr\/en\/"},{"@type":"ListItem","position":2,"name":"Our Guarantees"}]},{"@type":"WebSite","@id":"https:\/\/www.aquafeat.fr\/en\/#website","url":"https:\/\/www.aquafeat.fr\/en\/","name":"Aquafeat","description":"","potentialAction":[{"@type":"SearchAction","target":{"@type":"EntryPoint","urlTemplate":"https:\/\/www.aquafeat.fr\/en\/?s={search_term_string}"},"query-input":{"@type":"PropertyValueSpecification","valueRequired":true,"valueName":"search_term_string"}}],"inLanguage":"en-US"}]}},"_links":{"self":[{"href":"https:\/\/www.aquafeat.fr\/en\/wp-json\/wp\/v2\/pages\/501","targetHints":{"allow":["GET"]}}],"collection":[{"href":"https:\/\/www.aquafeat.fr\/en\/wp-json\/wp\/v2\/pages"}],"about":[{"href":"https:\/\/www.aquafeat.fr\/en\/wp-json\/wp\/v2\/types\/page"}],"author":[{"embeddable":true,"href":"https:\/\/www.aquafeat.fr\/en\/wp-json\/wp\/v2\/users\/1"}],"replies":[{"embeddable":true,"href":"https:\/\/www.aquafeat.fr\/en\/wp-json\/wp\/v2\/comments?post=501"}],"version-history":[{"count":15,"href":"https:\/\/www.aquafeat.fr\/en\/wp-json\/wp\/v2\/pages\/501\/revisions"}],"predecessor-version":[{"id":585,"href":"https:\/\/www.aquafeat.fr\/en\/wp-json\/wp\/v2\/pages\/501\/revisions\/585"}],"wp:featuredmedia":[{"embeddable":true,"href":"https:\/\/www.aquafeat.fr\/en\/wp-json\/wp\/v2\/media\/179"}],"wp:attachment":[{"href":"https:\/\/www.aquafeat.fr\/en\/wp-json\/wp\/v2\/media?parent=501"}],"curies":[{"name":"wp","href":"https:\/\/api.w.org\/{rel}","templated":true}]}}